{"id":2478,"date":"2025-01-14T15:09:23","date_gmt":"2025-01-14T14:09:23","guid":{"rendered":"https:\/\/www.chateaudenamur.com\/?page_id=2478"},"modified":"2026-04-01T11:51:17","modified_gmt":"2026-04-01T09:51:17","slug":"the-menu","status":"publish","type":"page","link":"https:\/\/www.chateaudenamur.com\/en\/restaurant-at-the-chateau-de-namur\/the-menu\/","title":{"rendered":"The Menu"},"content":{"rendered":"<section  class=\"content-1-1 wrapper-padding-top-no-espace wrapper-padding-bottom-large\" >\n\n  <div class=\"wrapper\">\n\n    \n      <article class=\"content-1-1__item text col-md-6 col-sm-12 col-12 animated-fade-to-top\">\n\n\n        \n                      <header>\n                            <h2 class=\"animated fade-to-top\">Kitchen open from 12h to 14h<\/h2>\n            <\/header>\n          \n          <div class=\"content animated fade-to-top\">\n            <h3>Our Head Chef Axel DEVILLERS offers a 3-course menu:<\/h3>\n<p>&nbsp;<\/p>\n<p><strong>Prices excluding drinks:<\/strong><\/p>\n<ul>\n<li>2-course menu (main course \u2013 dessert): \u20ac38<\/li>\n<li>2-course menu (starter \u2013 main course): \u20ac40<\/li>\n<li>3-course menu: \u20ac48<\/li>\n<\/ul>\n<p><strong>Drink packages<\/strong> (selection of wines &amp; coffee): <em>Note: No wines served with desserts.<\/em><\/p>\n<ul>\n<li>\u20ac20 for the 2-course menu (main course \u2013 dessert)<\/li>\n<li>\u20ac25 for the 2-course menu (starter \u2013 main course)<\/li>\n<li>\u20ac25 for the 3-course menu<\/li>\n<\/ul>\n          <\/div>\n\n                      <footer class=\"animated fade-to-top\">\n                              <a href=\"https:\/\/www.chateaudenamur.com\/wp-content\/uploads\/2026\/04\/Menu.Angl_-scaled.jpg\" class=\"btn-theme\" target=\"_blank\">T\u00e9l\u00e9charger la carte<\/a>\n                          <\/footer>\n          \n        \n      <\/article>\n\n    \n      <article class=\"content-1-1__item gallery col-md-6 col-sm-12 col-12 animated-fade-to-top\">\n\n\n        \n          \n            <div class=\"wrapper-gallery animated fade-to-top\">\n              <article class=\"item js-replace-img\">\n\n                <a href=\"https:\/\/www.chateaudenamur.com\/wp-content\/uploads\/2025\/04\/carte-chateau-namur-4.webp\" data-fancybox=\"gallery\">\n                  <img decoding=\"async\" src=\"https:\/\/www.chateaudenamur.com\/wp-content\/uploads\/2025\/04\/carte-chateau-namur-4.webp\" alt=\"carte-chateau-namur-4\" \/>\n                <\/a>\n\n              <\/article>\n            <\/div>\n\n          \n            <div class=\"wrapper-gallery animated fade-to-top\">\n              <article class=\"item js-replace-img\">\n\n                <a href=\"https:\/\/www.chateaudenamur.com\/wp-content\/uploads\/2025\/05\/CHATEAU-DE-NAMUR-x-KIFF-SHOOTING-8-AVRIL-2025-HQ-136.webp\" data-fancybox=\"gallery\">\n                  <img decoding=\"async\" src=\"https:\/\/www.chateaudenamur.com\/wp-content\/uploads\/2025\/05\/CHATEAU-DE-NAMUR-x-KIFF-SHOOTING-8-AVRIL-2025-HQ-136.webp\" alt=\"CHATEAU DE NAMUR x KIFF-SHOOTING 8 AVRIL 2025-HQ-136\" \/>\n                <\/a>\n\n              <\/article>\n            <\/div>\n\n          \n            <div class=\"wrapper-gallery animated fade-to-top\">\n              <article class=\"item js-replace-img\">\n\n                <a href=\"https:\/\/www.chateaudenamur.com\/wp-content\/uploads\/2025\/05\/CHATEAU-DE-NAMUR-x-KIFF-SHOOTING-8-AVRIL-2025-HQ-111.webp\" data-fancybox=\"gallery\">\n                  <img decoding=\"async\" src=\"https:\/\/www.chateaudenamur.com\/wp-content\/uploads\/2025\/05\/CHATEAU-DE-NAMUR-x-KIFF-SHOOTING-8-AVRIL-2025-HQ-111.webp\" alt=\"CHATEAU DE NAMUR x KIFF-SHOOTING 8 AVRIL 2025-HQ-111\" \/>\n                <\/a>\n\n              <\/article>\n            <\/div>\n\n          \n            <div class=\"wrapper-gallery animated fade-to-top\">\n              <article class=\"item js-replace-img\">\n\n                <a href=\"https:\/\/www.chateaudenamur.com\/wp-content\/uploads\/2025\/05\/CHATEAU-DE-NAMUR-x-KIFF-SHOOTING-8-AVRIL-2025-HQ-121.webp\" data-fancybox=\"gallery\">\n                  <img decoding=\"async\" src=\"https:\/\/www.chateaudenamur.com\/wp-content\/uploads\/2025\/05\/CHATEAU-DE-NAMUR-x-KIFF-SHOOTING-8-AVRIL-2025-HQ-121.webp\" alt=\"CHATEAU DE NAMUR x KIFF-SHOOTING 8 AVRIL 2025-HQ-121\" \/>\n                <\/a>\n\n              <\/article>\n            <\/div>\n\n          \n            <div class=\"wrapper-gallery animated fade-to-top\">\n              <article class=\"item js-replace-img\">\n\n                <a href=\"https:\/\/www.chateaudenamur.com\/wp-content\/uploads\/2025\/05\/CHATEAU-DE-NAMUR-x-KIFF-SHOOTING-8-AVRIL-2025-HQ-129.webp\" data-fancybox=\"gallery\">\n                  <img decoding=\"async\" src=\"https:\/\/www.chateaudenamur.com\/wp-content\/uploads\/2025\/05\/CHATEAU-DE-NAMUR-x-KIFF-SHOOTING-8-AVRIL-2025-HQ-129.webp\" alt=\"CHATEAU DE NAMUR x KIFF-SHOOTING 8 AVRIL 2025-HQ-129\" \/>\n                <\/a>\n\n              <\/article>\n            <\/div>\n\n          \n        \n      <\/article>\n\n    \n  <\/div>\n\n<\/section>\n\n\n<section  class=\"content-1-1 wrapper-padding-top-no-espace wrapper-padding-bottom-no-espace\" >\n\n  <div class=\"wrapper\">\n\n    \n      <article class=\"content-1-1__item gallery col-md-6 col-sm-12 col-12 animated-fade-to-top\">\n\n\n        \n          \n            <div class=\"wrapper-gallery animated fade-to-top\">\n              <article class=\"item js-replace-img\">\n\n                <a href=\"https:\/\/www.chateaudenamur.com\/wp-content\/uploads\/2025\/04\/carte-chateau-namur-5.webp\" data-fancybox=\"gallery\">\n                  <img decoding=\"async\" src=\"https:\/\/www.chateaudenamur.com\/wp-content\/uploads\/2025\/04\/carte-chateau-namur-5.webp\" alt=\"carte-chateau-namur-5\" \/>\n                <\/a>\n\n              <\/article>\n            <\/div>\n\n          \n            <div class=\"wrapper-gallery animated fade-to-top\">\n              <article class=\"item js-replace-img\">\n\n                <a href=\"https:\/\/www.chateaudenamur.com\/wp-content\/uploads\/2025\/05\/CHATEAU-DE-NAMUR-x-KIFF-SHOOTING-8-AVRIL-2025-HQ-115.webp\" data-fancybox=\"gallery\">\n                  <img decoding=\"async\" src=\"https:\/\/www.chateaudenamur.com\/wp-content\/uploads\/2025\/05\/CHATEAU-DE-NAMUR-x-KIFF-SHOOTING-8-AVRIL-2025-HQ-115.webp\" alt=\"CHATEAU DE NAMUR x KIFF-SHOOTING 8 AVRIL 2025-HQ-115\" \/>\n                <\/a>\n\n              <\/article>\n            <\/div>\n\n          \n            <div class=\"wrapper-gallery animated fade-to-top\">\n              <article class=\"item js-replace-img\">\n\n                <a href=\"https:\/\/www.chateaudenamur.com\/wp-content\/uploads\/2025\/05\/CHATEAU-DE-NAMUR-x-KIFF-SHOOTING-8-AVRIL-2025-HQ-116.webp\" data-fancybox=\"gallery\">\n                  <img decoding=\"async\" src=\"https:\/\/www.chateaudenamur.com\/wp-content\/uploads\/2025\/05\/CHATEAU-DE-NAMUR-x-KIFF-SHOOTING-8-AVRIL-2025-HQ-116.webp\" alt=\"CHATEAU DE NAMUR x KIFF-SHOOTING 8 AVRIL 2025-HQ-116\" \/>\n                <\/a>\n\n              <\/article>\n            <\/div>\n\n          \n            <div class=\"wrapper-gallery animated fade-to-top\">\n              <article class=\"item js-replace-img\">\n\n                <a href=\"https:\/\/www.chateaudenamur.com\/wp-content\/uploads\/2025\/05\/CHATEAU-DE-NAMUR-x-KIFF-SHOOTING-8-AVRIL-2025-HQ-120.webp\" data-fancybox=\"gallery\">\n                  <img decoding=\"async\" src=\"https:\/\/www.chateaudenamur.com\/wp-content\/uploads\/2025\/05\/CHATEAU-DE-NAMUR-x-KIFF-SHOOTING-8-AVRIL-2025-HQ-120.webp\" alt=\"CHATEAU DE NAMUR x KIFF-SHOOTING 8 AVRIL 2025-HQ-120\" \/>\n                <\/a>\n\n              <\/article>\n            <\/div>\n\n          \n            <div class=\"wrapper-gallery animated fade-to-top\">\n              <article class=\"item js-replace-img\">\n\n                <a href=\"https:\/\/www.chateaudenamur.com\/wp-content\/uploads\/2025\/05\/CHATEAU-DE-NAMUR-x-KIFF-SHOOTING-8-AVRIL-2025-HQ-128.webp\" data-fancybox=\"gallery\">\n                  <img decoding=\"async\" src=\"https:\/\/www.chateaudenamur.com\/wp-content\/uploads\/2025\/05\/CHATEAU-DE-NAMUR-x-KIFF-SHOOTING-8-AVRIL-2025-HQ-128.webp\" alt=\"CHATEAU DE NAMUR x KIFF-SHOOTING 8 AVRIL 2025-HQ-128\" \/>\n                <\/a>\n\n              <\/article>\n            <\/div>\n\n          \n        \n      <\/article>\n\n    \n      <article class=\"content-1-1__item text col-md-6 col-sm-12 col-12 animated-fade-to-top\">\n\n\n        \n                      <header>\n                            <h2 class=\"animated fade-to-top\">Kitchen open from 19h to 21h<\/h2>\n            <\/header>\n          \n          <div class=\"content animated fade-to-top\">\n            <div>\n<div>\n<div data-testid=\"chat-page\">\n<h3>Prices excluding drinks:<\/h3>\n<ul>\n<li>3-course menu: \u20ac48<\/li>\n<li>4-course menu: \u20ac63<\/li>\n<\/ul>\n<h3>Drink packages (selection of wines &amp; coffee):<\/h3>\n<p><em>Note: No wines served with desserts.<\/em><\/p>\n<ul>\n<li>\u20ac30 for the 3-course menu<\/li>\n<li>\u20ac35 for the 4-course menu<\/li>\n<\/ul>\n<\/div>\n<\/div>\n<\/div>\n<p>&nbsp;<\/p>\n<p>&nbsp;<\/p>\n<div>\n<div>\n<div data-testid=\"chat-page\">\n<h3><strong>Meals are prepared according to market availability<\/strong>.<\/h3>\n<h3>Would you like information about allergens in our products?<\/h3>\n<p>Our dining room manager and\/or kitchen staff will gladly assist you.<\/p>\n<\/div>\n<\/div>\n<\/div>\n          <\/div>\n\n                      <footer class=\"animated fade-to-top\">\n                              <a href=\"https:\/\/www.chateaudenamur.com\/wp-content\/uploads\/2026\/04\/Menu.Angl_-scaled.jpg\" class=\"btn-theme\" target=\"_blank\">T\u00e9l\u00e9charger la carte<\/a>\n                          <\/footer>\n          \n        \n      <\/article>\n\n    \n  <\/div>\n\n<\/section>\n","protected":false},"excerpt":{"rendered":"","protected":false},"author":1,"featured_media":0,"parent":2456,"menu_order":0,"comment_status":"closed","ping_status":"closed","template":"","meta":{"_acf_changed":false,"footnotes":""},"class_list":["post-2478","page","type-page","status-publish","hentry"],"acf":[],"yoast_head":"<!-- This site is optimized with the Yoast SEO plugin v27.0 - https:\/\/yoast.com\/product\/yoast-seo-wordpress\/ -->\n<title>La Carte du Restaurant Ch\u00e2teau de Namur sign\u00e9 Axel Devillers<\/title>\n<meta name=\"description\" content=\"D\u00e9couvrez la carte du restaurant du Ch\u00e2teau de Namur : plats raffin\u00e9s, produits locaux et cuisine de saison.\" \/>\n<meta name=\"robots\" content=\"index, follow, max-snippet:-1, max-image-preview:large, max-video-preview:-1\" \/>\n<link rel=\"canonical\" href=\"https:\/\/www.chateaudenamur.com\/en\/restaurant-at-the-chateau-de-namur\/the-menu\/\" \/>\n<meta property=\"og:locale\" content=\"en_US\" \/>\n<meta property=\"og:type\" content=\"article\" \/>\n<meta property=\"og:title\" content=\"La Carte du Restaurant Ch\u00e2teau de Namur sign\u00e9 Axel Devillers\" \/>\n<meta property=\"og:description\" content=\"D\u00e9couvrez la carte du restaurant du Ch\u00e2teau de Namur : plats raffin\u00e9s, produits locaux et cuisine de saison.\" \/>\n<meta property=\"og:url\" content=\"https:\/\/www.chateaudenamur.com\/en\/restaurant-at-the-chateau-de-namur\/the-menu\/\" \/>\n<meta property=\"og:site_name\" content=\"Le Ch\u00e2teau de Namur\" \/>\n<meta property=\"article:publisher\" content=\"https:\/\/www.facebook.com\/chateaudenamur\" \/>\n<meta property=\"article:modified_time\" content=\"2026-04-01T09:51:17+00:00\" \/>\n<meta property=\"og:image\" content=\"https:\/\/www.chateaudenamur.com\/wp-content\/uploads\/2025\/05\/chateau-namur-hotel-restaurant-15.webp\" \/>\n\t<meta property=\"og:image:width\" content=\"1080\" \/>\n\t<meta property=\"og:image:height\" content=\"720\" \/>\n\t<meta property=\"og:image:type\" content=\"image\/webp\" \/>\n<meta name=\"twitter:card\" content=\"summary_large_image\" \/>\n<meta name=\"twitter:label1\" content=\"Est. reading time\" \/>\n\t<meta name=\"twitter:data1\" content=\"3 minutes\" \/>\n<script type=\"application\/ld+json\" class=\"yoast-schema-graph\">{\"@context\":\"https:\/\/schema.org\",\"@graph\":[{\"@type\":\"WebPage\",\"@id\":\"https:\/\/www.chateaudenamur.com\/en\/restaurant-at-the-chateau-de-namur\/the-menu\/\",\"url\":\"https:\/\/www.chateaudenamur.com\/en\/restaurant-at-the-chateau-de-namur\/the-menu\/\",\"name\":\"La Carte du Restaurant Ch\u00e2teau de Namur sign\u00e9 Axel Devillers\",\"isPartOf\":{\"@id\":\"https:\/\/www.chateaudenamur.com\/en\/#website\"},\"datePublished\":\"2025-01-14T14:09:23+00:00\",\"dateModified\":\"2026-04-01T09:51:17+00:00\",\"description\":\"D\u00e9couvrez la carte du restaurant du Ch\u00e2teau de Namur : plats raffin\u00e9s, produits locaux et cuisine de saison.\",\"breadcrumb\":{\"@id\":\"https:\/\/www.chateaudenamur.com\/en\/restaurant-at-the-chateau-de-namur\/the-menu\/#breadcrumb\"},\"inLanguage\":\"en-US\",\"potentialAction\":[{\"@type\":\"ReadAction\",\"target\":[\"https:\/\/www.chateaudenamur.com\/en\/restaurant-at-the-chateau-de-namur\/the-menu\/\"]}]},{\"@type\":\"BreadcrumbList\",\"@id\":\"https:\/\/www.chateaudenamur.com\/en\/restaurant-at-the-chateau-de-namur\/the-menu\/#breadcrumb\",\"itemListElement\":[{\"@type\":\"ListItem\",\"position\":1,\"name\":\"Home\",\"item\":\"https:\/\/www.chateaudenamur.com\/en\/\"},{\"@type\":\"ListItem\",\"position\":2,\"name\":\"Restaurant at the Ch\u00e2teau de Namur\",\"item\":\"https:\/\/www.chateaudenamur.com\/en\/restaurant-at-the-chateau-de-namur\/\"},{\"@type\":\"ListItem\",\"position\":3,\"name\":\"The Menu\"}]},{\"@type\":\"WebSite\",\"@id\":\"https:\/\/www.chateaudenamur.com\/en\/#website\",\"url\":\"https:\/\/www.chateaudenamur.com\/en\/\",\"name\":\"Le Ch\u00e2teau de Namur\",\"description\":\"H\u00f4tel &amp; Restaurant\",\"publisher\":{\"@id\":\"https:\/\/www.chateaudenamur.com\/en\/#organization\"},\"potentialAction\":[{\"@type\":\"SearchAction\",\"target\":{\"@type\":\"EntryPoint\",\"urlTemplate\":\"https:\/\/www.chateaudenamur.com\/en\/?s={search_term_string}\"},\"query-input\":{\"@type\":\"PropertyValueSpecification\",\"valueRequired\":true,\"valueName\":\"search_term_string\"}}],\"inLanguage\":\"en-US\"},{\"@type\":\"Organization\",\"@id\":\"https:\/\/www.chateaudenamur.com\/en\/#organization\",\"name\":\"Le Ch\u00e2teau de Namur\",\"url\":\"https:\/\/www.chateaudenamur.com\/en\/\",\"logo\":{\"@type\":\"ImageObject\",\"inLanguage\":\"en-US\",\"@id\":\"https:\/\/www.chateaudenamur.com\/en\/#\/schema\/logo\/image\/\",\"url\":\"https:\/\/www.chateaudenamur.com\/wp-content\/uploads\/2025\/02\/Chateau-de-Namur-Logo-complet-Or-transparent-e1742888168747.png\",\"contentUrl\":\"https:\/\/www.chateaudenamur.com\/wp-content\/uploads\/2025\/02\/Chateau-de-Namur-Logo-complet-Or-transparent-e1742888168747.png\",\"width\":896,\"height\":693,\"caption\":\"Le Ch\u00e2teau de Namur\"},\"image\":{\"@id\":\"https:\/\/www.chateaudenamur.com\/en\/#\/schema\/logo\/image\/\"},\"sameAs\":[\"https:\/\/www.facebook.com\/chateaudenamur\",\"https:\/\/www.instagram.com\/chateaudenamur\/?hl=fr\"]}]}<\/script>\n<!-- \/ Yoast SEO plugin. -->","yoast_head_json":{"title":"La Carte du Restaurant Ch\u00e2teau de Namur sign\u00e9 Axel Devillers","description":"D\u00e9couvrez la carte du restaurant du Ch\u00e2teau de Namur : plats raffin\u00e9s, produits locaux et cuisine de saison.","robots":{"index":"index","follow":"follow","max-snippet":"max-snippet:-1","max-image-preview":"max-image-preview:large","max-video-preview":"max-video-preview:-1"},"canonical":"https:\/\/www.chateaudenamur.com\/en\/restaurant-at-the-chateau-de-namur\/the-menu\/","og_locale":"en_US","og_type":"article","og_title":"La Carte du Restaurant Ch\u00e2teau de Namur sign\u00e9 Axel Devillers","og_description":"D\u00e9couvrez la carte du restaurant du Ch\u00e2teau de Namur : plats raffin\u00e9s, produits locaux et cuisine de saison.","og_url":"https:\/\/www.chateaudenamur.com\/en\/restaurant-at-the-chateau-de-namur\/the-menu\/","og_site_name":"Le Ch\u00e2teau de Namur","article_publisher":"https:\/\/www.facebook.com\/chateaudenamur","article_modified_time":"2026-04-01T09:51:17+00:00","og_image":[{"width":1080,"height":720,"url":"https:\/\/www.chateaudenamur.com\/wp-content\/uploads\/2025\/05\/chateau-namur-hotel-restaurant-15.webp","type":"image\/webp"}],"twitter_card":"summary_large_image","twitter_misc":{"Est. reading time":"3 minutes"},"schema":{"@context":"https:\/\/schema.org","@graph":[{"@type":"WebPage","@id":"https:\/\/www.chateaudenamur.com\/en\/restaurant-at-the-chateau-de-namur\/the-menu\/","url":"https:\/\/www.chateaudenamur.com\/en\/restaurant-at-the-chateau-de-namur\/the-menu\/","name":"La Carte du Restaurant Ch\u00e2teau de Namur sign\u00e9 Axel Devillers","isPartOf":{"@id":"https:\/\/www.chateaudenamur.com\/en\/#website"},"datePublished":"2025-01-14T14:09:23+00:00","dateModified":"2026-04-01T09:51:17+00:00","description":"D\u00e9couvrez la carte du restaurant du Ch\u00e2teau de Namur : plats raffin\u00e9s, produits locaux et cuisine de saison.","breadcrumb":{"@id":"https:\/\/www.chateaudenamur.com\/en\/restaurant-at-the-chateau-de-namur\/the-menu\/#breadcrumb"},"inLanguage":"en-US","potentialAction":[{"@type":"ReadAction","target":["https:\/\/www.chateaudenamur.com\/en\/restaurant-at-the-chateau-de-namur\/the-menu\/"]}]},{"@type":"BreadcrumbList","@id":"https:\/\/www.chateaudenamur.com\/en\/restaurant-at-the-chateau-de-namur\/the-menu\/#breadcrumb","itemListElement":[{"@type":"ListItem","position":1,"name":"Home","item":"https:\/\/www.chateaudenamur.com\/en\/"},{"@type":"ListItem","position":2,"name":"Restaurant at the Ch\u00e2teau de Namur","item":"https:\/\/www.chateaudenamur.com\/en\/restaurant-at-the-chateau-de-namur\/"},{"@type":"ListItem","position":3,"name":"The Menu"}]},{"@type":"WebSite","@id":"https:\/\/www.chateaudenamur.com\/en\/#website","url":"https:\/\/www.chateaudenamur.com\/en\/","name":"Le Ch\u00e2teau de Namur","description":"H\u00f4tel &amp; Restaurant","publisher":{"@id":"https:\/\/www.chateaudenamur.com\/en\/#organization"},"potentialAction":[{"@type":"SearchAction","target":{"@type":"EntryPoint","urlTemplate":"https:\/\/www.chateaudenamur.com\/en\/?s={search_term_string}"},"query-input":{"@type":"PropertyValueSpecification","valueRequired":true,"valueName":"search_term_string"}}],"inLanguage":"en-US"},{"@type":"Organization","@id":"https:\/\/www.chateaudenamur.com\/en\/#organization","name":"Le Ch\u00e2teau de Namur","url":"https:\/\/www.chateaudenamur.com\/en\/","logo":{"@type":"ImageObject","inLanguage":"en-US","@id":"https:\/\/www.chateaudenamur.com\/en\/#\/schema\/logo\/image\/","url":"https:\/\/www.chateaudenamur.com\/wp-content\/uploads\/2025\/02\/Chateau-de-Namur-Logo-complet-Or-transparent-e1742888168747.png","contentUrl":"https:\/\/www.chateaudenamur.com\/wp-content\/uploads\/2025\/02\/Chateau-de-Namur-Logo-complet-Or-transparent-e1742888168747.png","width":896,"height":693,"caption":"Le Ch\u00e2teau de Namur"},"image":{"@id":"https:\/\/www.chateaudenamur.com\/en\/#\/schema\/logo\/image\/"},"sameAs":["https:\/\/www.facebook.com\/chateaudenamur","https:\/\/www.instagram.com\/chateaudenamur\/?hl=fr"]}]}},"_links":{"self":[{"href":"https:\/\/www.chateaudenamur.com\/en\/wp-json\/wp\/v2\/pages\/2478","targetHints":{"allow":["GET"]}}],"collection":[{"href":"https:\/\/www.chateaudenamur.com\/en\/wp-json\/wp\/v2\/pages"}],"about":[{"href":"https:\/\/www.chateaudenamur.com\/en\/wp-json\/wp\/v2\/types\/page"}],"author":[{"embeddable":true,"href":"https:\/\/www.chateaudenamur.com\/en\/wp-json\/wp\/v2\/users\/1"}],"replies":[{"embeddable":true,"href":"https:\/\/www.chateaudenamur.com\/en\/wp-json\/wp\/v2\/comments?post=2478"}],"version-history":[{"count":20,"href":"https:\/\/www.chateaudenamur.com\/en\/wp-json\/wp\/v2\/pages\/2478\/revisions"}],"predecessor-version":[{"id":3715,"href":"https:\/\/www.chateaudenamur.com\/en\/wp-json\/wp\/v2\/pages\/2478\/revisions\/3715"}],"up":[{"embeddable":true,"href":"https:\/\/www.chateaudenamur.com\/en\/wp-json\/wp\/v2\/pages\/2456"}],"wp:attachment":[{"href":"https:\/\/www.chateaudenamur.com\/en\/wp-json\/wp\/v2\/media?parent=2478"}],"curies":[{"name":"wp","href":"https:\/\/api.w.org\/{rel}","templated":true}]}}