{"id":2736,"date":"2025-01-14T15:09:23","date_gmt":"2025-01-14T14:09:23","guid":{"rendered":"https:\/\/www.chateaudenamur.com\/?page_id=2736"},"modified":"2026-04-01T11:53:11","modified_gmt":"2026-04-01T09:53:11","slug":"restaurantmenu","status":"publish","type":"page","link":"https:\/\/www.chateaudenamur.com\/nl\/restaurant-chateau-de-namur\/restaurantmenu\/","title":{"rendered":"Restaurantmenu"},"content":{"rendered":"<section  class=\"content-1-1 wrapper-padding-top-no-espace wrapper-padding-bottom-large\" >\n\n  <div class=\"wrapper\">\n\n    \n      <article class=\"content-1-1__item text col-md-6 col-sm-12 col-12 animated-fade-to-top\">\n\n\n        \n                      <header>\n                            <h2 class=\"animated fade-to-top\">Keuken geopend van 12.00 tot 14.00 uur<\/h2>\n            <\/header>\n          \n          <div class=\"content animated fade-to-top\">\n            <p>Onze chef-kok <a href=\"https:\/\/www.chateaudenamur.com\/nl\/restaurant-chateau-de-namur\/de-chef\/\">Axel DEVILLERS<\/a> biedt u een 3-gangenmenu aan:<\/p>\n<p>&nbsp;<\/p>\n<h2>Prijzen exclusief drankjes:<\/h2>\n<ul>\n<li>2-gangenmenu (hoofdgerecht &#8211; dessert) voor \u20ac 38<\/li>\n<li>2-gangenmenu (voorgerecht &#8211; hoofdgerecht) voor \u20ac 40<\/li>\n<li>3-gangenmenu voor \u20ac 48<\/li>\n<\/ul>\n<h2>Drankarrangementen (selectie wijnen en koffie):<\/h2>\n<p>Geen wijnen bij het dessert.<\/p>\n<ul>\n<li>\u20ac 20 voor het 2-gangenmenu (hoofdgerecht &#8211; dessert)<\/li>\n<li>\u20ac 25 voor het 2-gangenmenu (voorgerecht &#8211; hoofdgerecht)<\/li>\n<li>\u20ac 25 voor het 3-gangenmenu<\/li>\n<\/ul>\n          <\/div>\n\n                      <footer class=\"animated fade-to-top\">\n                              <a href=\"https:\/\/www.chateaudenamur.com\/wp-content\/uploads\/2026\/04\/Menu.NDL_-scaled.jpg\" class=\"btn-theme\" target=\"_blank\">Download het restaurantmenu<\/a>\n                          <\/footer>\n          \n        \n      <\/article>\n\n    \n      <article class=\"content-1-1__item gallery col-md-6 col-sm-12 col-12 animated-fade-to-top\">\n\n\n        \n          \n            <div class=\"wrapper-gallery animated fade-to-top\">\n              <article class=\"item js-replace-img\">\n\n                <a href=\"https:\/\/www.chateaudenamur.com\/wp-content\/uploads\/2025\/04\/carte-chateau-namur-4.webp\" data-fancybox=\"gallery\">\n                  <img decoding=\"async\" src=\"https:\/\/www.chateaudenamur.com\/wp-content\/uploads\/2025\/04\/carte-chateau-namur-4.webp\" alt=\"carte-chateau-namur-4\" \/>\n                <\/a>\n\n              <\/article>\n            <\/div>\n\n          \n            <div class=\"wrapper-gallery animated fade-to-top\">\n              <article class=\"item js-replace-img\">\n\n                <a href=\"https:\/\/www.chateaudenamur.com\/wp-content\/uploads\/2025\/05\/CHATEAU-DE-NAMUR-x-KIFF-SHOOTING-8-AVRIL-2025-HQ-136.webp\" data-fancybox=\"gallery\">\n                  <img decoding=\"async\" src=\"https:\/\/www.chateaudenamur.com\/wp-content\/uploads\/2025\/05\/CHATEAU-DE-NAMUR-x-KIFF-SHOOTING-8-AVRIL-2025-HQ-136.webp\" alt=\"CHATEAU DE NAMUR x KIFF-SHOOTING 8 AVRIL 2025-HQ-136\" \/>\n                <\/a>\n\n              <\/article>\n            <\/div>\n\n          \n            <div class=\"wrapper-gallery animated fade-to-top\">\n              <article class=\"item js-replace-img\">\n\n                <a href=\"https:\/\/www.chateaudenamur.com\/wp-content\/uploads\/2025\/05\/CHATEAU-DE-NAMUR-x-KIFF-SHOOTING-8-AVRIL-2025-HQ-111.webp\" data-fancybox=\"gallery\">\n                  <img decoding=\"async\" src=\"https:\/\/www.chateaudenamur.com\/wp-content\/uploads\/2025\/05\/CHATEAU-DE-NAMUR-x-KIFF-SHOOTING-8-AVRIL-2025-HQ-111.webp\" alt=\"CHATEAU DE NAMUR x KIFF-SHOOTING 8 AVRIL 2025-HQ-111\" \/>\n                <\/a>\n\n              <\/article>\n            <\/div>\n\n          \n            <div class=\"wrapper-gallery animated fade-to-top\">\n              <article class=\"item js-replace-img\">\n\n                <a href=\"https:\/\/www.chateaudenamur.com\/wp-content\/uploads\/2025\/05\/CHATEAU-DE-NAMUR-x-KIFF-SHOOTING-8-AVRIL-2025-HQ-121.webp\" data-fancybox=\"gallery\">\n                  <img decoding=\"async\" src=\"https:\/\/www.chateaudenamur.com\/wp-content\/uploads\/2025\/05\/CHATEAU-DE-NAMUR-x-KIFF-SHOOTING-8-AVRIL-2025-HQ-121.webp\" alt=\"CHATEAU DE NAMUR x KIFF-SHOOTING 8 AVRIL 2025-HQ-121\" \/>\n                <\/a>\n\n              <\/article>\n            <\/div>\n\n          \n            <div class=\"wrapper-gallery animated fade-to-top\">\n              <article class=\"item js-replace-img\">\n\n                <a href=\"https:\/\/www.chateaudenamur.com\/wp-content\/uploads\/2025\/05\/CHATEAU-DE-NAMUR-x-KIFF-SHOOTING-8-AVRIL-2025-HQ-129.webp\" data-fancybox=\"gallery\">\n                  <img decoding=\"async\" src=\"https:\/\/www.chateaudenamur.com\/wp-content\/uploads\/2025\/05\/CHATEAU-DE-NAMUR-x-KIFF-SHOOTING-8-AVRIL-2025-HQ-129.webp\" alt=\"CHATEAU DE NAMUR x KIFF-SHOOTING 8 AVRIL 2025-HQ-129\" \/>\n                <\/a>\n\n              <\/article>\n            <\/div>\n\n          \n        \n      <\/article>\n\n    \n  <\/div>\n\n<\/section>\n\n\n<section  class=\"content-1-1 wrapper-padding-top-no-espace wrapper-padding-bottom-no-espace\" >\n\n  <div class=\"wrapper\">\n\n    \n      <article class=\"content-1-1__item gallery col-md-6 col-sm-12 col-12 animated-fade-to-top\">\n\n\n        \n          \n            <div class=\"wrapper-gallery animated fade-to-top\">\n              <article class=\"item js-replace-img\">\n\n                <a href=\"https:\/\/www.chateaudenamur.com\/wp-content\/uploads\/2025\/04\/carte-chateau-namur-5.webp\" data-fancybox=\"gallery\">\n                  <img decoding=\"async\" src=\"https:\/\/www.chateaudenamur.com\/wp-content\/uploads\/2025\/04\/carte-chateau-namur-5.webp\" alt=\"carte-chateau-namur-5\" \/>\n                <\/a>\n\n              <\/article>\n            <\/div>\n\n          \n            <div class=\"wrapper-gallery animated fade-to-top\">\n              <article class=\"item js-replace-img\">\n\n                <a href=\"https:\/\/www.chateaudenamur.com\/wp-content\/uploads\/2025\/05\/CHATEAU-DE-NAMUR-x-KIFF-SHOOTING-8-AVRIL-2025-HQ-115.webp\" data-fancybox=\"gallery\">\n                  <img decoding=\"async\" src=\"https:\/\/www.chateaudenamur.com\/wp-content\/uploads\/2025\/05\/CHATEAU-DE-NAMUR-x-KIFF-SHOOTING-8-AVRIL-2025-HQ-115.webp\" alt=\"CHATEAU DE NAMUR x KIFF-SHOOTING 8 AVRIL 2025-HQ-115\" \/>\n                <\/a>\n\n              <\/article>\n            <\/div>\n\n          \n            <div class=\"wrapper-gallery animated fade-to-top\">\n              <article class=\"item js-replace-img\">\n\n                <a href=\"https:\/\/www.chateaudenamur.com\/wp-content\/uploads\/2025\/05\/CHATEAU-DE-NAMUR-x-KIFF-SHOOTING-8-AVRIL-2025-HQ-116.webp\" data-fancybox=\"gallery\">\n                  <img decoding=\"async\" src=\"https:\/\/www.chateaudenamur.com\/wp-content\/uploads\/2025\/05\/CHATEAU-DE-NAMUR-x-KIFF-SHOOTING-8-AVRIL-2025-HQ-116.webp\" alt=\"CHATEAU DE NAMUR x KIFF-SHOOTING 8 AVRIL 2025-HQ-116\" \/>\n                <\/a>\n\n              <\/article>\n            <\/div>\n\n          \n            <div class=\"wrapper-gallery animated fade-to-top\">\n              <article class=\"item js-replace-img\">\n\n                <a href=\"https:\/\/www.chateaudenamur.com\/wp-content\/uploads\/2025\/05\/CHATEAU-DE-NAMUR-x-KIFF-SHOOTING-8-AVRIL-2025-HQ-120.webp\" data-fancybox=\"gallery\">\n                  <img decoding=\"async\" src=\"https:\/\/www.chateaudenamur.com\/wp-content\/uploads\/2025\/05\/CHATEAU-DE-NAMUR-x-KIFF-SHOOTING-8-AVRIL-2025-HQ-120.webp\" alt=\"CHATEAU DE NAMUR x KIFF-SHOOTING 8 AVRIL 2025-HQ-120\" \/>\n                <\/a>\n\n              <\/article>\n            <\/div>\n\n          \n            <div class=\"wrapper-gallery animated fade-to-top\">\n              <article class=\"item js-replace-img\">\n\n                <a href=\"https:\/\/www.chateaudenamur.com\/wp-content\/uploads\/2025\/05\/CHATEAU-DE-NAMUR-x-KIFF-SHOOTING-8-AVRIL-2025-HQ-128.webp\" data-fancybox=\"gallery\">\n                  <img decoding=\"async\" src=\"https:\/\/www.chateaudenamur.com\/wp-content\/uploads\/2025\/05\/CHATEAU-DE-NAMUR-x-KIFF-SHOOTING-8-AVRIL-2025-HQ-128.webp\" alt=\"CHATEAU DE NAMUR x KIFF-SHOOTING 8 AVRIL 2025-HQ-128\" \/>\n                <\/a>\n\n              <\/article>\n            <\/div>\n\n          \n        \n      <\/article>\n\n    \n      <article class=\"content-1-1__item text col-md-6 col-sm-12 col-12 animated-fade-to-top\">\n\n\n        \n                      <header>\n                            <h2 class=\"animated fade-to-top\">Keuken geopend van 19.00 tot 21.00 uur<\/h2>\n            <\/header>\n          \n          <div class=\"content animated fade-to-top\">\n            <h2>Prijzen exclusief drankjes:<\/h2>\n<ul>\n<li>3-gangenmenu voor \u20ac 48<\/li>\n<li>4-gangenmenu voor \u20ac 63<\/li>\n<\/ul>\n<h2>Drankarrangementen (selectie wijnen en koffie):<\/h2>\n<p>Geen wijnen bij desserts.<\/p>\n<ul>\n<li>\u20ac 30 voor het 3-gangenmenu<\/li>\n<li>\u20ac 35 voor het 4-gangenmenu<\/li>\n<\/ul>\n<p>Maaltijden worden bereid op basis van de beschikbaarheid op de markt.<\/p>\n<p>Wilt u informatie over allergenen in onze producten? Onze restaurant- en\/of keukenmanager geeft u graag deze informatie.<\/p>\n          <\/div>\n\n                      <footer class=\"animated fade-to-top\">\n                              <a href=\"https:\/\/www.chateaudenamur.com\/wp-content\/uploads\/2026\/04\/Menu.NDL_-scaled.jpg\" class=\"btn-theme\" target=\"_blank\">Download het restaurantmenu<\/a>\n                          <\/footer>\n          \n        \n      <\/article>\n\n    \n  <\/div>\n\n<\/section>\n","protected":false},"excerpt":{"rendered":"","protected":false},"author":1,"featured_media":0,"parent":2728,"menu_order":0,"comment_status":"closed","ping_status":"closed","template":"","meta":{"_acf_changed":false,"footnotes":""},"class_list":["post-2736","page","type-page","status-publish","hentry"],"acf":[],"yoast_head":"<!-- This site is optimized with the Yoast SEO plugin v27.4 - https:\/\/yoast.com\/product\/yoast-seo-wordpress\/ -->\n<title>La Carte du Restaurant Ch\u00e2teau de Namur sign\u00e9 Axel Devillers<\/title>\n<meta name=\"description\" content=\"D\u00e9couvrez la carte du restaurant du Ch\u00e2teau de Namur : plats raffin\u00e9s, produits locaux et cuisine de saison.\" \/>\n<meta name=\"robots\" content=\"index, follow, max-snippet:-1, max-image-preview:large, max-video-preview:-1\" \/>\n<link rel=\"canonical\" href=\"https:\/\/www.chateaudenamur.com\/nl\/restaurant-chateau-de-namur\/restaurantmenu\/\" \/>\n<meta property=\"og:locale\" content=\"nl_NL\" \/>\n<meta property=\"og:type\" content=\"article\" \/>\n<meta property=\"og:title\" content=\"La Carte du Restaurant Ch\u00e2teau de Namur sign\u00e9 Axel Devillers\" \/>\n<meta property=\"og:description\" content=\"D\u00e9couvrez la carte du restaurant du Ch\u00e2teau de Namur : plats raffin\u00e9s, produits locaux et cuisine de saison.\" \/>\n<meta property=\"og:url\" content=\"https:\/\/www.chateaudenamur.com\/nl\/restaurant-chateau-de-namur\/restaurantmenu\/\" \/>\n<meta property=\"og:site_name\" content=\"Le Ch\u00e2teau de Namur\" \/>\n<meta property=\"article:publisher\" content=\"https:\/\/www.facebook.com\/chateaudenamur\" \/>\n<meta property=\"article:modified_time\" content=\"2026-04-01T09:53:11+00:00\" \/>\n<meta property=\"og:image\" content=\"https:\/\/www.chateaudenamur.com\/wp-content\/uploads\/2025\/05\/chateau-namur-hotel-restaurant-15.webp\" \/>\n\t<meta property=\"og:image:width\" content=\"1080\" \/>\n\t<meta property=\"og:image:height\" content=\"720\" \/>\n\t<meta property=\"og:image:type\" content=\"image\/webp\" \/>\n<meta name=\"twitter:card\" content=\"summary_large_image\" \/>\n<meta name=\"twitter:label1\" content=\"Est. reading time\" \/>\n\t<meta name=\"twitter:data1\" content=\"3 minutes\" \/>\n<script type=\"application\/ld+json\" class=\"yoast-schema-graph\">{\"@context\":\"https:\\\/\\\/schema.org\",\"@graph\":[{\"@type\":\"WebPage\",\"@id\":\"https:\\\/\\\/www.chateaudenamur.com\\\/nl\\\/restaurant-chateau-de-namur\\\/restaurantmenu\\\/\",\"url\":\"https:\\\/\\\/www.chateaudenamur.com\\\/nl\\\/restaurant-chateau-de-namur\\\/restaurantmenu\\\/\",\"name\":\"La Carte du Restaurant Ch\u00e2teau de Namur sign\u00e9 Axel Devillers\",\"isPartOf\":{\"@id\":\"https:\\\/\\\/www.chateaudenamur.com\\\/nl\\\/#website\"},\"datePublished\":\"2025-01-14T14:09:23+00:00\",\"dateModified\":\"2026-04-01T09:53:11+00:00\",\"description\":\"D\u00e9couvrez la carte du restaurant du Ch\u00e2teau de Namur : plats raffin\u00e9s, produits locaux et cuisine de saison.\",\"breadcrumb\":{\"@id\":\"https:\\\/\\\/www.chateaudenamur.com\\\/nl\\\/restaurant-chateau-de-namur\\\/restaurantmenu\\\/#breadcrumb\"},\"inLanguage\":\"nl-NL\",\"potentialAction\":[{\"@type\":\"ReadAction\",\"target\":[\"https:\\\/\\\/www.chateaudenamur.com\\\/nl\\\/restaurant-chateau-de-namur\\\/restaurantmenu\\\/\"]}]},{\"@type\":\"BreadcrumbList\",\"@id\":\"https:\\\/\\\/www.chateaudenamur.com\\\/nl\\\/restaurant-chateau-de-namur\\\/restaurantmenu\\\/#breadcrumb\",\"itemListElement\":[{\"@type\":\"ListItem\",\"position\":1,\"name\":\"Home\",\"item\":\"https:\\\/\\\/www.chateaudenamur.com\\\/nl\\\/\"},{\"@type\":\"ListItem\",\"position\":2,\"name\":\"Restaurant Ch\u00e2teau de Namur\",\"item\":\"https:\\\/\\\/www.chateaudenamur.com\\\/nl\\\/restaurant-chateau-de-namur\\\/\"},{\"@type\":\"ListItem\",\"position\":3,\"name\":\"Restaurantmenu\"}]},{\"@type\":\"WebSite\",\"@id\":\"https:\\\/\\\/www.chateaudenamur.com\\\/nl\\\/#website\",\"url\":\"https:\\\/\\\/www.chateaudenamur.com\\\/nl\\\/\",\"name\":\"Le Ch\u00e2teau de Namur\",\"description\":\"H\u00f4tel &amp; Restaurant\",\"publisher\":{\"@id\":\"https:\\\/\\\/www.chateaudenamur.com\\\/nl\\\/#organization\"},\"potentialAction\":[{\"@type\":\"SearchAction\",\"target\":{\"@type\":\"EntryPoint\",\"urlTemplate\":\"https:\\\/\\\/www.chateaudenamur.com\\\/nl\\\/?s={search_term_string}\"},\"query-input\":{\"@type\":\"PropertyValueSpecification\",\"valueRequired\":true,\"valueName\":\"search_term_string\"}}],\"inLanguage\":\"nl-NL\"},{\"@type\":\"Organization\",\"@id\":\"https:\\\/\\\/www.chateaudenamur.com\\\/nl\\\/#organization\",\"name\":\"Le Ch\u00e2teau de Namur\",\"url\":\"https:\\\/\\\/www.chateaudenamur.com\\\/nl\\\/\",\"logo\":{\"@type\":\"ImageObject\",\"inLanguage\":\"nl-NL\",\"@id\":\"https:\\\/\\\/www.chateaudenamur.com\\\/nl\\\/#\\\/schema\\\/logo\\\/image\\\/\",\"url\":\"https:\\\/\\\/www.chateaudenamur.com\\\/wp-content\\\/uploads\\\/2025\\\/02\\\/Chateau-de-Namur-Logo-complet-Or-transparent-e1742888168747.png\",\"contentUrl\":\"https:\\\/\\\/www.chateaudenamur.com\\\/wp-content\\\/uploads\\\/2025\\\/02\\\/Chateau-de-Namur-Logo-complet-Or-transparent-e1742888168747.png\",\"width\":896,\"height\":693,\"caption\":\"Le Ch\u00e2teau de Namur\"},\"image\":{\"@id\":\"https:\\\/\\\/www.chateaudenamur.com\\\/nl\\\/#\\\/schema\\\/logo\\\/image\\\/\"},\"sameAs\":[\"https:\\\/\\\/www.facebook.com\\\/chateaudenamur\",\"https:\\\/\\\/www.instagram.com\\\/chateaudenamur\\\/?hl=fr\"]}]}<\/script>\n<!-- \/ Yoast SEO plugin. -->","yoast_head_json":{"title":"La Carte du Restaurant Ch\u00e2teau de Namur sign\u00e9 Axel Devillers","description":"D\u00e9couvrez la carte du restaurant du Ch\u00e2teau de Namur : plats raffin\u00e9s, produits locaux et cuisine de saison.","robots":{"index":"index","follow":"follow","max-snippet":"max-snippet:-1","max-image-preview":"max-image-preview:large","max-video-preview":"max-video-preview:-1"},"canonical":"https:\/\/www.chateaudenamur.com\/nl\/restaurant-chateau-de-namur\/restaurantmenu\/","og_locale":"nl_NL","og_type":"article","og_title":"La Carte du Restaurant Ch\u00e2teau de Namur sign\u00e9 Axel Devillers","og_description":"D\u00e9couvrez la carte du restaurant du Ch\u00e2teau de Namur : plats raffin\u00e9s, produits locaux et cuisine de saison.","og_url":"https:\/\/www.chateaudenamur.com\/nl\/restaurant-chateau-de-namur\/restaurantmenu\/","og_site_name":"Le Ch\u00e2teau de Namur","article_publisher":"https:\/\/www.facebook.com\/chateaudenamur","article_modified_time":"2026-04-01T09:53:11+00:00","og_image":[{"width":1080,"height":720,"url":"https:\/\/www.chateaudenamur.com\/wp-content\/uploads\/2025\/05\/chateau-namur-hotel-restaurant-15.webp","type":"image\/webp"}],"twitter_card":"summary_large_image","twitter_misc":{"Est. reading time":"3 minutes"},"schema":{"@context":"https:\/\/schema.org","@graph":[{"@type":"WebPage","@id":"https:\/\/www.chateaudenamur.com\/nl\/restaurant-chateau-de-namur\/restaurantmenu\/","url":"https:\/\/www.chateaudenamur.com\/nl\/restaurant-chateau-de-namur\/restaurantmenu\/","name":"La Carte du Restaurant Ch\u00e2teau de Namur sign\u00e9 Axel Devillers","isPartOf":{"@id":"https:\/\/www.chateaudenamur.com\/nl\/#website"},"datePublished":"2025-01-14T14:09:23+00:00","dateModified":"2026-04-01T09:53:11+00:00","description":"D\u00e9couvrez la carte du restaurant du Ch\u00e2teau de Namur : plats raffin\u00e9s, produits locaux et cuisine de saison.","breadcrumb":{"@id":"https:\/\/www.chateaudenamur.com\/nl\/restaurant-chateau-de-namur\/restaurantmenu\/#breadcrumb"},"inLanguage":"nl-NL","potentialAction":[{"@type":"ReadAction","target":["https:\/\/www.chateaudenamur.com\/nl\/restaurant-chateau-de-namur\/restaurantmenu\/"]}]},{"@type":"BreadcrumbList","@id":"https:\/\/www.chateaudenamur.com\/nl\/restaurant-chateau-de-namur\/restaurantmenu\/#breadcrumb","itemListElement":[{"@type":"ListItem","position":1,"name":"Home","item":"https:\/\/www.chateaudenamur.com\/nl\/"},{"@type":"ListItem","position":2,"name":"Restaurant Ch\u00e2teau de Namur","item":"https:\/\/www.chateaudenamur.com\/nl\/restaurant-chateau-de-namur\/"},{"@type":"ListItem","position":3,"name":"Restaurantmenu"}]},{"@type":"WebSite","@id":"https:\/\/www.chateaudenamur.com\/nl\/#website","url":"https:\/\/www.chateaudenamur.com\/nl\/","name":"Le Ch\u00e2teau de Namur","description":"H\u00f4tel &amp; Restaurant","publisher":{"@id":"https:\/\/www.chateaudenamur.com\/nl\/#organization"},"potentialAction":[{"@type":"SearchAction","target":{"@type":"EntryPoint","urlTemplate":"https:\/\/www.chateaudenamur.com\/nl\/?s={search_term_string}"},"query-input":{"@type":"PropertyValueSpecification","valueRequired":true,"valueName":"search_term_string"}}],"inLanguage":"nl-NL"},{"@type":"Organization","@id":"https:\/\/www.chateaudenamur.com\/nl\/#organization","name":"Le Ch\u00e2teau de Namur","url":"https:\/\/www.chateaudenamur.com\/nl\/","logo":{"@type":"ImageObject","inLanguage":"nl-NL","@id":"https:\/\/www.chateaudenamur.com\/nl\/#\/schema\/logo\/image\/","url":"https:\/\/www.chateaudenamur.com\/wp-content\/uploads\/2025\/02\/Chateau-de-Namur-Logo-complet-Or-transparent-e1742888168747.png","contentUrl":"https:\/\/www.chateaudenamur.com\/wp-content\/uploads\/2025\/02\/Chateau-de-Namur-Logo-complet-Or-transparent-e1742888168747.png","width":896,"height":693,"caption":"Le Ch\u00e2teau de Namur"},"image":{"@id":"https:\/\/www.chateaudenamur.com\/nl\/#\/schema\/logo\/image\/"},"sameAs":["https:\/\/www.facebook.com\/chateaudenamur","https:\/\/www.instagram.com\/chateaudenamur\/?hl=fr"]}]}},"_links":{"self":[{"href":"https:\/\/www.chateaudenamur.com\/nl\/wp-json\/wp\/v2\/pages\/2736","targetHints":{"allow":["GET"]}}],"collection":[{"href":"https:\/\/www.chateaudenamur.com\/nl\/wp-json\/wp\/v2\/pages"}],"about":[{"href":"https:\/\/www.chateaudenamur.com\/nl\/wp-json\/wp\/v2\/types\/page"}],"author":[{"embeddable":true,"href":"https:\/\/www.chateaudenamur.com\/nl\/wp-json\/wp\/v2\/users\/1"}],"replies":[{"embeddable":true,"href":"https:\/\/www.chateaudenamur.com\/nl\/wp-json\/wp\/v2\/comments?post=2736"}],"version-history":[{"count":30,"href":"https:\/\/www.chateaudenamur.com\/nl\/wp-json\/wp\/v2\/pages\/2736\/revisions"}],"predecessor-version":[{"id":3717,"href":"https:\/\/www.chateaudenamur.com\/nl\/wp-json\/wp\/v2\/pages\/2736\/revisions\/3717"}],"up":[{"embeddable":true,"href":"https:\/\/www.chateaudenamur.com\/nl\/wp-json\/wp\/v2\/pages\/2728"}],"wp:attachment":[{"href":"https:\/\/www.chateaudenamur.com\/nl\/wp-json\/wp\/v2\/media?parent=2736"}],"curies":[{"name":"wp","href":"https:\/\/api.w.org\/{rel}","templated":true}]}}