{"id":3108,"date":"2025-06-18T08:01:39","date_gmt":"2025-06-18T06:01:39","guid":{"rendered":"https:\/\/www.chateaudenamur.com\/gegevensbescherming\/"},"modified":"2025-06-18T11:41:22","modified_gmt":"2025-06-18T09:41:22","slug":"gegevensbescherming","status":"publish","type":"page","link":"https:\/\/www.chateaudenamur.com\/nl\/gegevensbescherming\/","title":{"rendered":"Gegevensbescherming"},"content":{"rendered":"\n<section class=\"block-content-simple-text container wrapper-padding-top-small wrapper-padding-bottom-small <br \/>\n<b>Warning<\/b>:  Undefined variable $sliderNews in <b>\/home\/clients\/8a5c391f4bd420b4e423d58b81fa95d2\/sites\/chateaudenamur.com\/wp-content\/themes\/chateaudenamurtwentyfive\/templates\/block-content-text-simple.php<\/b> on line <b>15<\/b><br \/>\n&#8220;>\n\n  <div class=\"content\">\n\n    <h2>Police protection des donnn\u00e9es<\/h2>\n<p>Vous pouvez visiter le site du Ch\u00e2teau de Namur, vous informer sur ses services, ses actualit\u00e9s, les \u00e9v\u00e8nements qu\u2019elle organise, sans devoir fournir d\u2019information.<\/p>\n<p>Toutefois, les donn\u00e9es que vous lui fournissez \u00e0 travers une prise de contact ou une candidature, ou que vous g\u00e9n\u00e9rez au cours de votre visite sur ce site internet sont pour l\u2019essentiel des donn\u00e9es \u00e0 caract\u00e8re personnel.<\/p>\n<p>Dans ce cadre, la Province de Namur se conforme scrupuleusement \u00e0 la l\u00e9gislation applicable dans ce domaine comme dans tous les autres. Voici comment : <\/p>\n<h2>Pourquoi le Ch\u00e2teau de Namur traite-t-il vos donn\u00e9es ?<\/h2>\n<h3>Prise de contact<\/h3>\n<p>Les renseignements que vous fournissez lors d\u2019une prise de contact avec les services de la Province seront trait\u00e9s, selon les cas de figure, pour l\u2019ex\u00e9cution des obligations l\u00e9gales ou des missions confi\u00e9es \u00e0 la Province, ou pour \u00e9valuer, \u00e0 votre demande, la possibilit\u00e9 d\u2019une relation contractuelle.<\/p>\n<p>La Province ne conservera pas ces donn\u00e9es selon les cas, apr\u00e8s le d\u00e9lai de conservation impos\u00e9 par ses obligations comptables et fiscales et apr\u00e8s le d\u00e9lai de prescription applicable \u00e0 ses obligations, missions ou engagements contractuels.<\/p>\n<h3>Formulaire de candidature<\/h3>\n<p>Les renseignements que vous nous fournissez dans le cadre d\u2019une candidature seront trait\u00e9s \u00e0 votre demande en vue d\u2019\u00e9valuer la possibilit\u00e9 d\u2019une relation contractuelle.<\/p>\n<p>Ils seront effac\u00e9s dans les 3 mois de l\u2019issue du processus de s\u00e9lection.<\/p>\n<h3>Cookies<\/h3>\n<p>Les cookies sont de petits fichiers texte qui sont enregistr\u00e9s sur le disque dur de l&#8217;ordinateur des visiteurs du site. Ils contiennent des informations comme par exemple la pr\u00e9f\u00e9rence linguistique de l&#8217;internaute, de mani\u00e8re \u00e0 ce qu&#8217;il ne doive pas \u00e0 nouveau introduire ces informations lors d&#8217;une prochaine visite sur ce m\u00eame site internet. Pour des raisons techniques, la Province de Namur utilise des cookies pour :  <\/p>\n<ul>\n<li>m\u00e9moriser la langue que vous avez choisie,<\/li>\n<li>permettre le partage,<\/li>\n<li>prot\u00e9ger notre site,<\/li>\n<li>et \u00e0 des fins d\u2019analyse et de gestion des statistiques d\u2019utilisation de notre site.<\/li>\n<\/ul>\n<p>Il est possible de configurer votre navigateur pour vous informer lors de chaque cr\u00e9ation de cookies ou pour emp\u00eacher leur confection, de la mani\u00e8re suivante:<\/p>\n<ul>\n<li>Internet Explorer : <a href=\"https:\/\/support.microsoft.com\/fr-fr\/help\/17442\/windows-internet-explorer-delete-manage-cookies\" target=\"_blank\" rel=\"noopener\">https:\/\/support.microsoft.com\/fr-fr\/help\/17442\/windows-internet-explorer-delete-manage-cookies<\/a><\/li>\n<li>Chrome : <a href=\"http:\/\/support.google.com\/chrome\/bin\/answer.py?hl=fr&amp;answer=95647\" target=\"_blank\" rel=\"noopener\">http:\/\/support.google.com\/chrome\/bin\/answer.py?hl=fr&amp;answer=95647<\/a><\/li>\n<li>Firefox : <a href=\"http:\/\/support.mozilla.org\/fr\/kb\/activer-desactiver-cookies\" target=\"_blank\" rel=\"noopener\">http:\/\/support.mozilla.org\/fr\/kb\/activer-desactiver-cookies<\/a><\/li>\n<li>Safari : <a href=\"https:\/\/support.apple.com\/kb\/PH21411?viewlocale=fr_FR&amp;locale=fr_FR\" target=\"_blank\" rel=\"noopener\">https:\/\/support.apple.com\/kb\/PH21411?viewlocale=fr_FR&amp;locale=fr_FR<\/a><\/li>\n<\/ul>\n<p>L\u00b4acc\u00e8s \u00e0 ce site ne vous sera pas, pour autant, refus\u00e9. Toutefois, certaines fonctionnalit\u00e9s risquent de ne pas \u00eatre disponibles. <\/p>\n<h3>Localisation des donn\u00e9es<\/h3>\n<p><strong><em>Dans l\u2019Union europ\u00e9enne<\/em><\/strong> &#8211; Vos donn\u00e9es sont exclusivement stock\u00e9es sur des serveurs localis\u00e9s au sein de l\u2019U.E.<\/p>\n<h2>Quels sont vos droits ?<\/h2>\n<p>De mani\u00e8re g\u00e9n\u00e9rale, dans le cadre des traitements de donn\u00e9es effectu\u00e9s par la province de Namur, vous disposez des droits suivants :<\/p>\n<p><strong><em>Acc\u00e8s et rectification<\/em><\/strong> &#8211; Vous disposez du droit d\u2019acc\u00e9der \u00e0 vos donn\u00e9es et de les faire rectifier le cas \u00e9ch\u00e9ant.<\/p>\n<p><strong><em>Opposition<\/em><\/strong> &#8211; Vous pouvez vous opposer au traitement de vos donn\u00e9es que nous faisons sur la base de notre int\u00e9r\u00eat l\u00e9gitime.<\/p>\n<p><strong><em>Retirer votre consentement<\/em><\/strong> &#8211; Lorsque les donn\u00e9es sont trait\u00e9es en vertu de votre consentement, vous pouvez \u00e0 tout moment revenir sur cette d\u00e9cision, sans remettre en cause le traitement pass\u00e9.<\/p>\n<p><strong><em>Effacement<\/em><\/strong> &#8211; Vous pouvez obtenir l\u2019effacement de vos donn\u00e9es ou la limitation du traitement dans les conditions pr\u00e9vues aux <a href=\"http:\/\/eur-lex.europa.eu\/legal-content\/FR\/TXT\/?uri=CELEX%3A32016R0679\">articles 17 et 18 du R\u00e8glement g\u00e9n\u00e9ral sur la protection des donn\u00e9es<\/a>.<\/p>\n<p><strong><em>Portabilit\u00e9<\/em><\/strong> &#8211; Vous pouvez obtenir la communication des donn\u00e9es que vous avez fournies sous format \u00e9lectronique ou leur transmission \u00e0 un tiers dans les conditions pr\u00e9vues \u00e0 l\u2019<a href=\"http:\/\/eur-lex.europa.eu\/legal-content\/FR\/TXT\/?uri=CELEX%3A32016R0679\">article 20 du r\u00e8glement g\u00e9n\u00e9ral sur la protection des donn\u00e9es<\/a>.<\/p>\n<h2>A qui vous adresser pour exercer ces droits ?<\/h2>\n<p>Le <strong><em>responsable de traitement<\/em><\/strong> de vos donn\u00e9es (Province de NAMUR, Rue du Coll\u00e8ge, 33, 5000 NAMUR) et son <strong><em>d\u00e9l\u00e9gu\u00e9 \u00e0 la protection des donn\u00e9es<\/em><\/strong> (Rue du Coll\u00e8ge, 33, 5000 NAMUR, courriel : <a href=\"mailto:privacy@province.namur.be\">privacy@province.namur.be<\/a>) se tiennent \u00e0 votre disposition pour toute question et, moyennant justification de votre identit\u00e9, pour toute demande relative aux droits expos\u00e9s ci-dessus. Nous vous invitons \u00e0 utiliser ce formulaire pour introduire votre demande : <a href=\"https:\/\/www.province.namur.be\/documents\/formulaire-donnees.pdf\" target=\"_blank\" rel=\"noopener\">https:\/\/www.province.namur.be\/documents\/formulaire-donnees.pdf<\/a> <\/p>\n<p>Si vous d\u00e9sirez de plus amples informations, ou si vous souhaitez introduire une r\u00e9clamation, vous pouvez contacter l\u2019Autorit\u00e9 de Protection des Donn\u00e9es (Rue de la Presse, 35 \u2013 1000 Bruxelles, T\u00e9l. + 32 2 274 48 00 \u2013 <a href=\"mailto:contact@apd-gba.be\">contact@apd-gba.be<\/a>) <\/p>\n\n  <\/div>\n\n<\/section>\n","protected":false},"excerpt":{"rendered":"","protected":false},"author":1,"featured_media":0,"parent":0,"menu_order":0,"comment_status":"closed","ping_status":"closed","template":"","meta":{"_acf_changed":false,"footnotes":""},"class_list":["post-3108","page","type-page","status-publish","hentry"],"acf":[],"yoast_head":"<!-- This site is optimized with the Yoast SEO plugin v27.0 - https:\/\/yoast.com\/product\/yoast-seo-wordpress\/ -->\n<title>Gegevensbescherming - Le Ch\u00e2teau de Namur<\/title>\n<meta name=\"robots\" content=\"index, follow, max-snippet:-1, max-image-preview:large, max-video-preview:-1\" \/>\n<link rel=\"canonical\" href=\"https:\/\/www.chateaudenamur.com\/nl\/gegevensbescherming\/\" \/>\n<meta property=\"og:locale\" content=\"nl_NL\" \/>\n<meta property=\"og:type\" content=\"article\" \/>\n<meta property=\"og:title\" content=\"Gegevensbescherming - Le Ch\u00e2teau de Namur\" \/>\n<meta property=\"og:url\" content=\"https:\/\/www.chateaudenamur.com\/nl\/gegevensbescherming\/\" \/>\n<meta property=\"og:site_name\" content=\"Le Ch\u00e2teau de Namur\" \/>\n<meta property=\"article:publisher\" content=\"https:\/\/www.facebook.com\/chateaudenamur\" \/>\n<meta property=\"article:modified_time\" content=\"2025-06-18T09:41:22+00:00\" \/>\n<meta property=\"og:image\" content=\"https:\/\/www.chateaudenamur.com\/wp-content\/uploads\/2025\/05\/chateau-namur-hotel-restaurant-15.webp\" \/>\n\t<meta property=\"og:image:width\" content=\"1080\" \/>\n\t<meta property=\"og:image:height\" content=\"720\" \/>\n\t<meta property=\"og:image:type\" content=\"image\/webp\" \/>\n<meta name=\"twitter:card\" content=\"summary_large_image\" \/>\n<script type=\"application\/ld+json\" class=\"yoast-schema-graph\">{\"@context\":\"https:\/\/schema.org\",\"@graph\":[{\"@type\":\"WebPage\",\"@id\":\"https:\/\/www.chateaudenamur.com\/nl\/gegevensbescherming\/\",\"url\":\"https:\/\/www.chateaudenamur.com\/nl\/gegevensbescherming\/\",\"name\":\"Gegevensbescherming - Le Ch\u00e2teau de Namur\",\"isPartOf\":{\"@id\":\"https:\/\/www.chateaudenamur.com\/nl\/#website\"},\"datePublished\":\"2025-06-18T06:01:39+00:00\",\"dateModified\":\"2025-06-18T09:41:22+00:00\",\"breadcrumb\":{\"@id\":\"https:\/\/www.chateaudenamur.com\/nl\/gegevensbescherming\/#breadcrumb\"},\"inLanguage\":\"nl-NL\",\"potentialAction\":[{\"@type\":\"ReadAction\",\"target\":[\"https:\/\/www.chateaudenamur.com\/nl\/gegevensbescherming\/\"]}]},{\"@type\":\"BreadcrumbList\",\"@id\":\"https:\/\/www.chateaudenamur.com\/nl\/gegevensbescherming\/#breadcrumb\",\"itemListElement\":[{\"@type\":\"ListItem\",\"position\":1,\"name\":\"Home\",\"item\":\"https:\/\/www.chateaudenamur.com\/nl\/\"},{\"@type\":\"ListItem\",\"position\":2,\"name\":\"Gegevensbescherming\"}]},{\"@type\":\"WebSite\",\"@id\":\"https:\/\/www.chateaudenamur.com\/nl\/#website\",\"url\":\"https:\/\/www.chateaudenamur.com\/nl\/\",\"name\":\"Le Ch\u00e2teau de Namur\",\"description\":\"H\u00f4tel &amp; Restaurant\",\"publisher\":{\"@id\":\"https:\/\/www.chateaudenamur.com\/nl\/#organization\"},\"potentialAction\":[{\"@type\":\"SearchAction\",\"target\":{\"@type\":\"EntryPoint\",\"urlTemplate\":\"https:\/\/www.chateaudenamur.com\/nl\/?s={search_term_string}\"},\"query-input\":{\"@type\":\"PropertyValueSpecification\",\"valueRequired\":true,\"valueName\":\"search_term_string\"}}],\"inLanguage\":\"nl-NL\"},{\"@type\":\"Organization\",\"@id\":\"https:\/\/www.chateaudenamur.com\/nl\/#organization\",\"name\":\"Le Ch\u00e2teau de Namur\",\"url\":\"https:\/\/www.chateaudenamur.com\/nl\/\",\"logo\":{\"@type\":\"ImageObject\",\"inLanguage\":\"nl-NL\",\"@id\":\"https:\/\/www.chateaudenamur.com\/nl\/#\/schema\/logo\/image\/\",\"url\":\"https:\/\/www.chateaudenamur.com\/wp-content\/uploads\/2025\/02\/Chateau-de-Namur-Logo-complet-Or-transparent-e1742888168747.png\",\"contentUrl\":\"https:\/\/www.chateaudenamur.com\/wp-content\/uploads\/2025\/02\/Chateau-de-Namur-Logo-complet-Or-transparent-e1742888168747.png\",\"width\":896,\"height\":693,\"caption\":\"Le Ch\u00e2teau de Namur\"},\"image\":{\"@id\":\"https:\/\/www.chateaudenamur.com\/nl\/#\/schema\/logo\/image\/\"},\"sameAs\":[\"https:\/\/www.facebook.com\/chateaudenamur\",\"https:\/\/www.instagram.com\/chateaudenamur\/?hl=fr\"]}]}<\/script>\n<!-- \/ Yoast SEO plugin. -->","yoast_head_json":{"title":"Gegevensbescherming - Le Ch\u00e2teau de Namur","robots":{"index":"index","follow":"follow","max-snippet":"max-snippet:-1","max-image-preview":"max-image-preview:large","max-video-preview":"max-video-preview:-1"},"canonical":"https:\/\/www.chateaudenamur.com\/nl\/gegevensbescherming\/","og_locale":"nl_NL","og_type":"article","og_title":"Gegevensbescherming - Le Ch\u00e2teau de Namur","og_url":"https:\/\/www.chateaudenamur.com\/nl\/gegevensbescherming\/","og_site_name":"Le Ch\u00e2teau de Namur","article_publisher":"https:\/\/www.facebook.com\/chateaudenamur","article_modified_time":"2025-06-18T09:41:22+00:00","og_image":[{"width":1080,"height":720,"url":"https:\/\/www.chateaudenamur.com\/wp-content\/uploads\/2025\/05\/chateau-namur-hotel-restaurant-15.webp","type":"image\/webp"}],"twitter_card":"summary_large_image","schema":{"@context":"https:\/\/schema.org","@graph":[{"@type":"WebPage","@id":"https:\/\/www.chateaudenamur.com\/nl\/gegevensbescherming\/","url":"https:\/\/www.chateaudenamur.com\/nl\/gegevensbescherming\/","name":"Gegevensbescherming - Le Ch\u00e2teau de Namur","isPartOf":{"@id":"https:\/\/www.chateaudenamur.com\/nl\/#website"},"datePublished":"2025-06-18T06:01:39+00:00","dateModified":"2025-06-18T09:41:22+00:00","breadcrumb":{"@id":"https:\/\/www.chateaudenamur.com\/nl\/gegevensbescherming\/#breadcrumb"},"inLanguage":"nl-NL","potentialAction":[{"@type":"ReadAction","target":["https:\/\/www.chateaudenamur.com\/nl\/gegevensbescherming\/"]}]},{"@type":"BreadcrumbList","@id":"https:\/\/www.chateaudenamur.com\/nl\/gegevensbescherming\/#breadcrumb","itemListElement":[{"@type":"ListItem","position":1,"name":"Home","item":"https:\/\/www.chateaudenamur.com\/nl\/"},{"@type":"ListItem","position":2,"name":"Gegevensbescherming"}]},{"@type":"WebSite","@id":"https:\/\/www.chateaudenamur.com\/nl\/#website","url":"https:\/\/www.chateaudenamur.com\/nl\/","name":"Le Ch\u00e2teau de Namur","description":"H\u00f4tel &amp; Restaurant","publisher":{"@id":"https:\/\/www.chateaudenamur.com\/nl\/#organization"},"potentialAction":[{"@type":"SearchAction","target":{"@type":"EntryPoint","urlTemplate":"https:\/\/www.chateaudenamur.com\/nl\/?s={search_term_string}"},"query-input":{"@type":"PropertyValueSpecification","valueRequired":true,"valueName":"search_term_string"}}],"inLanguage":"nl-NL"},{"@type":"Organization","@id":"https:\/\/www.chateaudenamur.com\/nl\/#organization","name":"Le Ch\u00e2teau de Namur","url":"https:\/\/www.chateaudenamur.com\/nl\/","logo":{"@type":"ImageObject","inLanguage":"nl-NL","@id":"https:\/\/www.chateaudenamur.com\/nl\/#\/schema\/logo\/image\/","url":"https:\/\/www.chateaudenamur.com\/wp-content\/uploads\/2025\/02\/Chateau-de-Namur-Logo-complet-Or-transparent-e1742888168747.png","contentUrl":"https:\/\/www.chateaudenamur.com\/wp-content\/uploads\/2025\/02\/Chateau-de-Namur-Logo-complet-Or-transparent-e1742888168747.png","width":896,"height":693,"caption":"Le Ch\u00e2teau de Namur"},"image":{"@id":"https:\/\/www.chateaudenamur.com\/nl\/#\/schema\/logo\/image\/"},"sameAs":["https:\/\/www.facebook.com\/chateaudenamur","https:\/\/www.instagram.com\/chateaudenamur\/?hl=fr"]}]}},"_links":{"self":[{"href":"https:\/\/www.chateaudenamur.com\/nl\/wp-json\/wp\/v2\/pages\/3108","targetHints":{"allow":["GET"]}}],"collection":[{"href":"https:\/\/www.chateaudenamur.com\/nl\/wp-json\/wp\/v2\/pages"}],"about":[{"href":"https:\/\/www.chateaudenamur.com\/nl\/wp-json\/wp\/v2\/types\/page"}],"author":[{"embeddable":true,"href":"https:\/\/www.chateaudenamur.com\/nl\/wp-json\/wp\/v2\/users\/1"}],"replies":[{"embeddable":true,"href":"https:\/\/www.chateaudenamur.com\/nl\/wp-json\/wp\/v2\/comments?post=3108"}],"version-history":[{"count":1,"href":"https:\/\/www.chateaudenamur.com\/nl\/wp-json\/wp\/v2\/pages\/3108\/revisions"}],"predecessor-version":[{"id":3109,"href":"https:\/\/www.chateaudenamur.com\/nl\/wp-json\/wp\/v2\/pages\/3108\/revisions\/3109"}],"wp:attachment":[{"href":"https:\/\/www.chateaudenamur.com\/nl\/wp-json\/wp\/v2\/media?parent=3108"}],"curies":[{"name":"wp","href":"https:\/\/api.w.org\/{rel}","templated":true}]}}